{"id":1682,"date":"2023-01-06T21:57:37","date_gmt":"2023-01-06T20:57:37","guid":{"rendered":"https:\/\/www.martin-schulz.photography\/contact\/"},"modified":"2024-12-03T14:03:29","modified_gmt":"2024-12-03T13:03:29","slug":"contact","status":"publish","type":"page","link":"https:\/\/www.martin-schulz.photography\/en\/contact\/","title":{"rendered":"contact"},"content":{"rendered":"<div class=\"wpb-content-wrapper\"><p>[vc_row css=&#8221;.vc_custom_1442752063022{padding-top: 30px !important;}&#8221;][vc_column width=&#8221;1\/3&#8243; reveal_effect=&#8221;fadeIn&#8221; reveal_duration=&#8221;1&#8243; reveal_delay=&#8221;0.3&#8243;][lab_text_autotype typed_text=&#8221;<\/p>\n<h3>why not say *hi;hall\u00f3;h\u00e6;daginn;gott kv\u00f6ld;kv\u00f6ldi\u00f0;god dag;hallo;hello*<\/h3>\n<p>&#8221; typed_show_options=&#8221;yes&#8221; typed_options_cursorchar=&#8221;?&#8221;][vc_column_text]I would be really glad to hear from you!<\/p>\n<p style=\"text-align: justify;\">The copyright of all images is mine.<br \/>\nIf you are interested in my pictures, I am pleased to receive your inquiry. Every unauthorized use of my images without written permission is prohibited.<br \/>\nI kindly ask you to respect this.<\/p>\n<p>[\/vc_column_text][vc_row_inner css=&#8221;.vc_custom_1488107416172{padding-top: 0px !important;}&#8221;][vc_column_inner css=&#8221;.vc_custom_1732985877835{margin-top: 25px !important;}&#8221;][\/vc_column_inner][\/vc_row_inner][vc_column_text css=&#8221;&#8221;]<\/p>\n<h3>contact:<\/h3>\n<p>Please use the following form to get in touch with me.[\/vc_column_text][vc_column_text]Also feel free to follow me on:<\/p>\n<p><a style=\"color: #001060;\" href=\"https:\/\/www.facebook.com\/martin.schulz.photography\" target=\"_blank\" rel=\"noopener\">facebook<\/a><br \/>\n<a style=\"color: #001060;\" href=\"https:\/\/www.instagram.com\/martin.schulz.photography\/\" target=\"_blank\" rel=\"noopener\">instagram<\/a>[\/vc_column_text][\/vc_column][vc_column width=&#8221;2\/3&#8243; reveal_effect=&#8221;fadeIn&#8221; reveal_duration=&#8221;1&#8243; reveal_delay=&#8221;0.5&#8243;][vc_single_image image=&#8221;1615&#8243; img_size=&#8221;800&#215;270&#8243;][vc_column_text css=&#8221;.vc_custom_1732985794091{margin-top: 150px !important;}&#8221;]<style type=\"text\/css\">#nex-forms{display:none;}<\/style><div id=\"nf_form_50225\">\r\n\t\t\t\r\n\t\t\t<style type=\"text\/css\">\r\n\t\t\t\r\n\t\t\t\t#nex-forms.martin_schulz_photography_contactform .nf-loader-lds-spinner div:after {background: #40C4FF; }\r\n\t\t\t\t#nex-forms.martin_schulz_photography_contactform .nf-loader-lds-grid div {background: #40C4FF; }\r\n\t\t\t\t#nex-forms.martin_schulz_photography_contactform .nf-loader-lds-ellipsis div { background: #40C4FF;}\r\n\t\t\t\t#nex-forms.martin_schulz_photography_contactform .nf-loader-lds-default div {background: #40C4FF;}\r\n\t\t\t\t#nex-forms.martin_schulz_photography_contactform .nf-loader-lds-roller div:after {background: #40C4FF;}\r\n\t\t\t\t#nex-forms.martin_schulz_photography_contactform .nf-loader-lds-heart div,\r\n\t\t\t\t#nex-forms.martin_schulz_photography_contactform .nf-loader-lds-heart div:after,\r\n\t\t\t\t#nex-forms.martin_schulz_photography_contactform .nf-loader-lds-heart div:before {background: #40C4FF;}\r\n\t\r\n\t\t\t\t\r\n\t\t\t\t#nex-forms.martin_schulz_photography_contactform .nf-loader-lds-facebook div {background: #40C4FF;}\r\n\t\t\t\t#nex-forms.martin_schulz_photography_contactform .nf-loader-lds-circle > div {background: #40C4FF;}\r\n\t\t\t\t\r\n\t\t\t\t#nex-forms.martin_schulz_photography_contactform .nf-loader-lds-dual-ring:after {border: 6px solid #40C4FF;border-color: #40C4FF transparent #40C4FF transparent;}\r\n\t\t\t\t#nex-forms.martin_schulz_photography_contactform .nf-loader-lds-ring div {border: 8px solid #40C4FF;border-color: #40C4FF transparent transparent transparent;}\r\n\t\t\t\t#nex-forms.martin_schulz_photography_contactform .nf-loader-lds-hourglass:after {border: 32px solid #40C4FF;border-color: #40C4FF transparent #40C4FF transparent;}\r\n\t\t\t\t#nex-forms.martin_schulz_photography_contactform .nf-loader-lds-ripple div {border: 4px solid #40C4FF;}\r\n\t\t\t<\/style>\r\n\t\t\t\r\n\t\t\t\r\n\t\t\t<div id=\"nex-forms\" data-loader=\"ellipsis\" data-msg-hide-form=\"yes\" data-msg-position=\"top\" data-msg-placement=\"outside\"  class=\"nex-forms martin_schulz_photography_contactform  \"><div class=\"pre_fill_fields\"><\/div><div class=\"set_form_theme theme-default\"><div class=\"nex_success_message msg_top msgv2 animated hidden\" style=\"display:none;\"><div class=\"nex_success_message_container\" style=\"background: white; border-radius: 4px; padding: 30px; border-color: #dddddd;\"><div class=\"msg_text\"><div class=\"form_field all_fields icon html_fields wow bounceInUp error_left square\" style=\"margin-bottom: 15px\" id=\"_21501\" data-animation-name=\"bounceInUp\">\n\t\t\t\t\t\t\t  <div class=\"edit_mask\"><\/div>\n\t\t\t\t\t\t\t  \n\t\t\t\t\t\t\t\t<div class=\"icon_container_wrapper icon_center\">\n\t\t\t\t\t\t\t\t  <div class=\"icon_container\" id=\"field_container\" style=\"border-width: 0px;background-color: transparent\">\n\t\t\t\t\t\t\t\t\t<div class=\"\">\n\t\t\t\t\t\t\t\t\t  <div class=\"input_container\">\n\t\t\t\t\t\t\t\t\t\t<div class=\"the_input_element icon_element\" style=\"font-size: 50px;color: #8bc34a\"><span class=\"fas fa-check-circle\"><\/span><\/div>\n\t\t\t\t\t\t\t\t\t  <\/div>\n\t\t\t\t\t\t\t\t\t<\/div>\n\t\t\t\t\t\t\t\t  <\/div>\n\t\t\t\t\t\t\t\t  \n\t\t\t\t\t\t\t\t<\/div>\n\t\t\t\t\t\t\t  \n\t\t\t\t\t\t\t<\/div>\n\t\t\t\t\t\t\t<div class=\"form_field all_fields html html_fields wow fadeInDown error_left square\" style=\"margin-bottom: 15px\" data-animation-name=\"fadeInDown\" data-wow-delay=\"0.5s\" id=\"_71457\">\n\t\t\t\t\t\t\t  <div class=\"edit_mask\"><\/div>\n\t\t\t\t\t\t\t  \n\t\t\t\t\t\t\t\t<div class=\"row\">\n\t\t\t\t\t\t\t\t  <div class=\"col-sm-12\" id=\"field_container\">\n\t\t\t\t\t\t\t\t\t<div class=\"row\">\n\t\t\t\t\t\t\t\t\t  <div class=\"col-sm-12 input_container\">\n\t\t\t\t\t\t\t\t\t\t<div class=\"the_input_element align_center\" data-math-equation=\"\" data-original-math-equation=\"\" data-decimal-places=\"0\">Thank you for connecting with me!<br>I will get back to you as soon as possible.<\/div>\n\t\t\t\t\t\t\t\t\t\t<div style=\"clear:both\"><\/div>\n\t\t\t\t\t\t\t\t\t  <\/div>\n\t\t\t\t\t\t\t\t\t<\/div>\n\t\t\t\t\t\t\t\t  <\/div>\n\t\t\t\t\t\t\t\t  \n\t\t\t\t\t\t\t\t<\/div>\n\t\t\t\t\t\t\t  \n\t\t\t\t\t\t\t<\/div><\/div><\/div><\/div><div data-timer-start=\"1\" data-timer-end=\"0\" class=\"inner-canvas-container ui-nex-forms-container ui-nex-forms-container-fe  bootstrap\" id=\"ui-nex-forms-container-3\"  ><div class=\"current_step\" style=\"display:none;\">1<\/div><div class=\"last_visited_step\" style=\"display:none;\">1<\/div><div class=\"nex-forms-header-footer nex-forms-header timer_inline timer_right \"><\/div><div id=\"the_plugin_url\" style=\"display:none;\">https:\/\/www.martin-schulz.photography\/wp-content\/plugins\/nex-forms-express-wp-form-builder<\/div><div id=\"nf_save_form_progress\" style=\"display:none;\">false<\/div><div class=\"hidden\" id=\"nf_ajax_url\" style=\"display:none;\">https:\/\/www.martin-schulz.photography\/wp-admin\/admin-ajax.php<\/div><div class=\"hidden\" id=\"paypal_return_url\" style=\"display:none;\">https:\/\/www.martin-schulz.photography\/en\/wp-json\/wp\/v2\/pages\/1682\/<\/div><div class=\"hidden\" id=\"ms_scroll_to_top\" style=\"display:none;\">yes<\/div><div class=\"v7_container form_type_normal   \" style=\"background: white; padding: 0px; border-color: #ffffff; border-width: 0px; margin-top: -35px;\"><div class=\"current_field_on_focus\" style=\"display:none\">1<\/div><form id=\"3\" class=\"submit-nex-form nex-forms-3\" data-form-id=\"3\" name=\"nex_form\" action=\"https:\/\/www.martin-schulz.photography\/wp-admin\/admin-ajax.php\" method=\"post\" enctype=\"multipart\/form-data\"><div class=\"step_transition_in\" style=\"display:none;\">fadeIn<\/div><div class=\"step_transition_out\" style=\"display:none;\">fadeOut<\/div><input type=\"hidden\" name=\"nex_forms_Id\" value=\"3\"><input type=\"hidden\" name=\"ip\" value=\"216.73.216.182\"><input type=\"hidden\" name=\"nf_page_id\" value=\"1682\"><input type=\"hidden\" name=\"nf_page_title\" value=\"contact\"><input type=\"text\" name=\"company_url\" value=\"\" placeholder=\"enter company url\" class=\"form-control req\">\n\t\t\t\t\t\t\t<div class=\"form_field hidden error_left bootstrap_field square\" id=\"_4410\">\n\t\t\t\t\t\t\t\t<input class=\"ms_current_step\" value=\"1\" name=\"ms_current_step\" type=\"hidden\">\n\t\t\t\t\t\t\t<\/div>\n\t\t\t\t\t\t\t\n\t\t\t\t\t\n\t\t\t\t\t\n\t\t\t\t\t\n\t\t\t\t\t\n\t\t\t\t\t\n\t\t\t\t\t\n\t\t\t\t\t<div class=\"grid-system-2 has_prefix_icon error_left bootstrap_field square is_grid\" id=\"_87493\" style=\"position: relative;top: 0px\"><div class=\"row grid_row\"><div class=\"grid_input_holder id-_87493  col-sm-6 grid-target-0\" data-grid-width=\"6\" data-grid-num=\"0\"><div class=\"form_field all_fields name preset_fields required has_prefix_icon error_left bootstrap_field is_focused square\" id=\"_94506\" style=\"margin-bottom: 15px;position: relative;top: 0px\"><div class=\"row\"><div class=\"col-sm-12\" id=\"field_container\"><div class=\"row\"><div class=\"input_container col-sm-12\"><div class=\"input-group\"><span class=\"prefix ui-state-active input-group-addon\" style=\"color: #888888;background: #ffffff none repeat scroll 0% 0%;border-color: #dddddd\"><span class=\"fa fa-user\" style=\"font-size: 17px\"><\/span><\/span><input name=\"name\" class=\"error_message required the_input_element aling_left ui-state-default form-control\" data-onfocus-color=\"#dddddd\" data-drop-focus-swadow=\"1\" data-placement=\"bottom\" data-content=\"required\" title=\"\" data-secondary-message=\"\" data-original-brd-color=\"#dddddd\" style=\"border-color: #dddddd;background: none 0% 0% repeat scroll #ffffff;font-size: 13px;font-family: Roboto\" type=\"text\" placeholder=\"name*\"><\/div><\/div><\/div><\/div><\/div><\/div><\/div><div class=\"grid_input_holder id-_87493  col-sm-6 grid-target-1\" data-grid-width=\"6\" data-grid-num=\"1\"><div class=\"form_field all_fields email email preset_fields required has_prefix_icon error_left bootstrap_field is_focused square\" style=\"margin-bottom: 15px\" id=\"_10431\"><div class=\"row\"><div class=\"col-sm-12\" id=\"field_container\"><div class=\"row\"><div class=\"input_container col-sm-12\"><div class=\"input-group\"><span class=\"prefix input-group-addon\" style=\"color: #888888;background: white;border-color: #dddddd\"><span class=\"fa fas fa-envelope\" style=\"font-size: 17px\"><\/span><\/span><input type=\"text\" name=\"email\" class=\"error_message required email the_input_element aling_left align_left form-control\" data-onfocus-color=\"#66AFE9\" data-drop-focus-swadow=\"1\" data-placement=\"bottom\" data-content=\"required\" title=\"\" data-secondary-message=\"Invalid email address\" style=\"font-size: 13px;color: #9e9e9e;background: white;border-color: #dddddd;font-family: Roboto\" placeholder=\"e-mail*\"><\/div><\/div><\/div><\/div><\/div><\/div><\/div><\/div><\/div><div class=\"form_field all_fields Query preset_fields required has_prefix_icon error_left bootstrap_field is_focused square\" id=\"_88134\" style=\"margin-bottom: 15px;position: relative;top: 0px\"><div class=\"row\"><div class=\"col-sm-12\" id=\"field_container\"><div class=\"row\"><div class=\"input_container col-sm-12\"><div class=\"input-group\"><span class=\"prefix ui-state-active input-group-addon\" style=\"color: #888888;background: #ffffff none repeat scroll 0% 0%;border-color: #dddddd\"><span class=\"fa fa-comment\" style=\"font-size: 17px\"><\/span><\/span><textarea name=\"message\" placeholder=\"messsage*\" data-maxlength-color=\"label label-success\" data-maxlength-position=\"bottom\" data-maxlength-show=\"false\" data-default-value=\"\" class=\"error_message required the_input_element textarea pre-format aling_left ui-state-default form-control\" data-onfocus-color=\"#dddddd\" data-drop-focus-swadow=\"1\" data-placement=\"bottom\" data-content=\"required\" title=\"\" data-original-brd-color=\"#dddddd\" style=\"border-color: #dddddd;background: none 0% 0% repeat scroll #ffffff;font-size: 13px;font-family: Roboto\"><\/textarea><\/div><\/div><\/div><\/div><\/div><\/div>\n\t\t\t\t\t\n\t\t\t\t\t\n\t\t\t\t\t\n\t\t\t\t\t\n\t\t\t\t\t\n\t\t\t\t\t\n\t\t\t\t\t\n\t\t\t\t\t\n\t\t\t\t\t\n\t\t\t\t\t\n\t\t\t\t\t\n\t\t\t\t\t\n\t\t\t\t\t\n\t\t\t\t\t\n\t\t\t\t\t\n\t\t\t\t\t\n\t\t\t\t\t\n\t\t\t\t\t\n\t\t\t\t\t\n\t\t\t\t\t\n\t\t\t\t\t\n\t\t\t\t\t\n\t\t\t\t\t\n\t\t\t\t\t\n\t\t\t\t\t\n\t\t\t\t\t\n\t\t\t\t\t\n\t\t\t\t\t\n\t\t\t\t\t\n\t\t\t\t\t\n\t\t\t\t\t\n\t\t\t\t\t\n\t\t\t\t\t\n\t\t\t\t\t\n\t\t\t\t\t\n\t\t\t\t\t\n\t\t\t\t\t\n\t\t\t\t\t\n\t\t\t\t\t\n\t\t\t\t\t\n\t\t\t\t\t\n\t\t\t\t\t\n\t\t\t\t\t\n\t\t\t\t\t\n\t\t\t\t\t\n\t\t\t\t\t\n\t\t\t\t\t\n\t\t\t\t\t\n\t\t\t\t\t\n\t\t\t\t\t\n\t\t\t\t\t\n\t\t\t\t\t\n\t\t\t\t\t\n\t\t\t\t\t\n\t\t\t\t\t\n\t\t\t\t\t<link id=\"roboto\" type=\"text\/css\" role=\"google-font-import\" rel=\"stylesheet\" href=\"https:\/\/fonts.googleapis.com\/css?family=Roboto\" class=\"\"><div class=\"grid-system-2 error_left bootstrap_field square is_grid\" id=\"_38104\" style=\"position: relative;top: 0px\"><div class=\"row grid_row\"><div class=\"grid_input_holder id-_38104  col-sm-5 grid-target-0\" data-grid-width=\"5\" data-grid-num=\"0\"><div class=\"form_field all_fields icon-select-group selection_fields error_left required square\" style=\"margin-bottom: 15px;position: relative;top: 0px;margin-top: 8px\" id=\"_84343\"><div class=\"row\"><div class=\"col-sm-12\" id=\"field_container\"><div class=\"row\"><div class=\"input_container error_message icon-label-right col-sm-12\" data-content=\"required\" data-secondary-message=\"Minimum of {x} selections required\"><div class=\"icon-spin-prev\" style=\"display:none\"><span class=\"fa fa-caret-left\"><\/span><\/div><div class=\"the-icon-field-container the_input_element required\" style=\"font-family: Roboto\" name=\"dataprotection_accepted\"><div class=\"selected-icon-holder\" style=\"display:none\">\n\t\t\t\t\t\t\t\t\t\t\t\t\t\t\t\t\t\t\t\t\t\t\t\t\t\n\t\t\t\t\t\t\t\t\t\t\t\t\t\t\t\t\t\t\t\t\t\t\t\t\t\t<div class=\"icon-holder default-selected-icon is_default_selection icon_holder_0\" data-icon-number=\"0\">\n\t\t\t\t\t\t\t\t\t\t\t\t\t\t\t\t\t\t\t\t\t\t\t\t\t\t  <input class=\"the_input_element align_left required\" type=\"radio\" name=\"dataprotection_accepted\" value=\"0\" style=\"font-family: Roboto;font-size: 13px;color: #9e9e9e;background: white;border-color: #dddddd\">\n\t\t\t\t\t\t\t\t\t\t\t\t\t\t\t\t\t\t\t\t\t\t\t\t\t\t  <div class=\"icon-select\">\n\t\t\t\t\t\t\t\t\t\t\t\t\t\t\t\t\t\t\t\t\t\t\t\t\t\t\t  <div class=\"off-icon off_icon_number_0\"><span class=\"far fa-square\" data-toggle=\"tooltip_bs\" data-placement=\"top\" title=\"\" data-original-title=\"--Select--\" style=\"font-size: 24px\"><\/span><\/div>\n\t\t\t\t\t\t\t\t\t\t\t\t\t\t\t\t\t\t\t\t\t\t\t\t\t\t\t  <div class=\"on-icon on_icon_number_0\"><span class=\"fas fa-check-square\" data-toggle=\"tooltip_bs\" data-placement=\"top\" title=\"\" data-original-title=\"--Select--\" style=\"font-size: 24px\"><\/span><\/div>\n\t\t\t\t\t\t\t\t\t\t\t\t\t\t\t\t\t\t\t\t\t\t\t\t\t\t  <\/div>\n\t\t\t\t\t\t\t\t\t\t\t\t\t\t\t\t\t\t\t\t\t\t\t\t\t\t  <div class=\"icon-label\" style=\"font-family: Roboto\">\n\t\t\t\t\t\t\t\t\t\t\t\t\t\t\t\t\t\t\t\t\t\t\t\t\t\t\t<div class=\"off-label\" style=\"line-height: 24px\">--Select--<\/div>\n\t\t\t\t\t\t\t\t\t\t\t\t\t\t\t\t\t\t\t\t\t\t\t\t\t\t\t<div class=\"on-label\" style=\"line-height: 24px\">--Select--<\/div>\n\t\t\t\t\t\t\t\t\t\t\t\t\t\t\t\t\t\t\t\t\t\t\t\t\t\t  <\/div>\n\t\t\t\t\t\t\t\t\t\t\t\t\t\t\t\t\t\t\t\t\t\t\t\t\t\t<\/div>\n\t\t\t\t\t\t\t\t\t\t\t\t\t\t\t\t\t\t\t\t\t\t\t\t\t\t<span class=\"fa fa-caret-down\" style=\"line-height: 24px\"><\/span>\n\t\t\t\t\t\t\t\t\t\t\t\t\t\t\t\t\t\t\t\t\t\t\t\t\t<\/div><\/div><div class=\"the-icon-option-container\"><div class=\"icon-container col-sm-12\">\n\t\t\t\t\t\t\t\t\t\t\t\t\t\t\t\t\t\t\t\t\t\t\t\t\t<div class=\"icon-holder animated icon_holder_1\" data-icon-number=\"1\">\n\t\t\t\t\t\t\t\t\t\t\t\t\t\t\t\t\t\t\t\t\t\t\t\t\t  <input class=\"the_input_element align_left required\" type=\"radio\" name=\"dataprotection_accepted\" value=\"yes\" style=\"font-family: Roboto;font-size: 13px;color: #9e9e9e;background: white;border-color: #dddddd\">\n\t\t\t\t\t\t\t\t\t\t\t\t\t\t\t\t\t\t\t\t\t\t\t\t\t  <div class=\"icon-select open animated flipInY\">\n\t\t\t\t\t\t\t\t\t\t\t\t\t\t\t\t\t\t\t\t\t\t\t\t\t\t  <div class=\"off-icon off_icon_number_1\"><span class=\"far fa-square\" data-toggle=\"tooltip_bs\" data-placement=\"top\" title=\"\" data-original-title=\"I accept the  dataprotection statement *\" style=\"font-size: 24px\"><\/span><\/div>\n\t\t\t\t\t\t\t\t\t\t\t\t\t\t\t\t\t\t\t\t\t\t\t\t\t\t  <div class=\"on-icon on_icon_number_1\" style=\"display: none\"><span class=\"fas fa-check-square\" data-toggle=\"tooltip_bs\" data-placement=\"top\" title=\"\" data-original-title=\"I accept the  dataprotection statement *\" data-on-color=\"#337ab7\" style=\"font-size: 24px;color: #337ab7\"><\/span><\/div>\n\t\t\t\t\t\t\t\t\t\t\t\t\t\t\t\t\t\t\t\t\t\t\t\t\t  <\/div>\n\t\t\t\t\t\t\t\t\t\t\t\t\t\t\t\t\t\t\t\t\t\t\t\t\t  <div class=\"icon-label\" style=\"font-family: Roboto\">\n\t\t\t\t\t\t\t\t\t\t\t\t\t\t\t\t\t\t\t\t\t\t\t\t\t\t<div class=\"off-label\" style=\"line-height: 24px\">I accept the <a style=\"color: #001060\" href=\"https:\/\/www.martin-schulz.photography\/en\/dataprotection\">dataprotection statement<\/a>*<\/div>\n\t\t\t\t\t\t\t\t\t\t\t\t\t\t\t\t\t\t\t\t\t\t\t\t\t\t<div class=\"on-label\" style=\"line-height: 24px;display: none\">I accept the <a style=\"color: #001060\" href=\"https:\/\/www.martin-schulz.photography\/en\/dataprotection\">dataprotection statement<\/a>*<\/div>\n\t\t\t\t\t\t\t\t\t\t\t\t\t\t\t\t\t\t\t\t\t\t\t\t\t  <\/div>\n\t\t\t\t\t\t\t\t\t\t\t\t\t\t\t\t\t\t\t\t\t\t\t\t\t  \n\t\t\t\t\t\t\t\t\t\t\t\t\t\t\t\t\t\t\t\t\t\t\t\t  <\/div>\n\t\t\t\t\t\t\t\t\t\t\t\t\t\t\t\t\t\t\t\t\t\t\t\t  \n\t\t\t\t\t\t\t\t\t\t\t\t\t\t\t\t\t\t\t\t\t\t\t\t  \n\t\t\t\t\t\t\t\t\t\t\t\t\t\t\t\t\t\t\t\t\t\t\t<\/div><\/div><div class=\"icon-spin-next\" style=\"display:none\"><span class=\"fa fa-caret-right\"><\/span><\/div><\/div><\/div><\/div><\/div><\/div><\/div><div class=\"grid_input_holder id-_38104  col-sm-7 grid-target-1\" data-grid-width=\"7\" data-grid-num=\"1\"><div class=\"form_field all_fields submit-button the_submit button_fields common_fields preset_fields special_fields selection_fields error_left bootstrap_field square\" style=\"margin-bottom: 15px;position: relative;top: 0px\" id=\"_26580\"><div class=\"row\"><div class=\"col-sm-12\" id=\"field_container\"><div class=\"row\"><div class=\"col-sm-12 input_container\"><button class=\"nex-submit svg_ready the_input_element col-sm-12 btn btn-default\" data-ga=\"\" style=\"font-family: Roboto\">Send<\/button><\/div><\/div><\/div><\/div><\/div><\/div><\/div><\/div>Powered by <a href=\"https:\/\/basixonline.net\/nex-forms\/pricing\/?utm_source=wordpress_fs&utm_medium=upgrade&utm_content=ui\"\">NEX-Forms<\/a><\/form><\/div><\/div><\/div><\/div><\/div><style type=\"text\/css\" class=\"nex-forms-custom-css\"><\/style>[\/vc_column_text][\/vc_column][\/vc_row][vc_row][vc_column css=&#8221;.vc_custom_1673218094555{margin-top: 44px !important;}&#8221;][\/vc_column][\/vc_row]<\/p>\n<\/div>","protected":false},"excerpt":{"rendered":"<p>[vc_row css=&#8221;.vc_custom_1442752063022{padding-top: 30px !important;}&#8221;][vc_column width=&#8221;1\/3&#8243; reveal_effect=&#8221;fadeIn&#8221; reveal_duration=&#8221;1&#8243; reveal_delay=&#8221;0.3&#8243;][lab_text_autotype typed_text=&#8221; why not say *hi;hall\u00f3;h\u00e6;daginn;gott kv\u00f6ld;kv\u00f6ldi\u00f0;god dag;hallo;hello* &#8221; typed_show_options=&#8221;yes&#8221; typed_options_cursorchar=&#8221;?&#8221;][vc_column_text]I would be really glad to hear from you! The copyright of all images is mine. If you are interested in my pictures, I am pleased to receive your inquiry. Every unauthorized use of my images without written&hellip;<\/p>\n","protected":false},"author":1,"featured_media":0,"parent":0,"menu_order":0,"comment_status":"closed","ping_status":"closed","template":"","meta":{"_acf_changed":false,"footnotes":""},"class_list":["post-1682","page","type-page","status-publish","hentry"],"acf":[],"_links":{"self":[{"href":"https:\/\/www.martin-schulz.photography\/en\/wp-json\/wp\/v2\/pages\/1682","targetHints":{"allow":["GET"]}}],"collection":[{"href":"https:\/\/www.martin-schulz.photography\/en\/wp-json\/wp\/v2\/pages"}],"about":[{"href":"https:\/\/www.martin-schulz.photography\/en\/wp-json\/wp\/v2\/types\/page"}],"author":[{"embeddable":true,"href":"https:\/\/www.martin-schulz.photography\/en\/wp-json\/wp\/v2\/users\/1"}],"replies":[{"embeddable":true,"href":"https:\/\/www.martin-schulz.photography\/en\/wp-json\/wp\/v2\/comments?post=1682"}],"version-history":[{"count":21,"href":"https:\/\/www.martin-schulz.photography\/en\/wp-json\/wp\/v2\/pages\/1682\/revisions"}],"predecessor-version":[{"id":2831,"href":"https:\/\/www.martin-schulz.photography\/en\/wp-json\/wp\/v2\/pages\/1682\/revisions\/2831"}],"wp:attachment":[{"href":"https:\/\/www.martin-schulz.photography\/en\/wp-json\/wp\/v2\/media?parent=1682"}],"curies":[{"name":"wp","href":"https:\/\/api.w.org\/{rel}","templated":true}]}}